{"id":1976,"date":"2025-03-28T06:41:56","date_gmt":"2025-03-28T06:41:56","guid":{"rendered":"https:\/\/seibert-rechtundsteuern.de\/?page_id=1976"},"modified":"2025-06-13T09:32:30","modified_gmt":"2025-06-13T09:32:30","slug":"veroeffentlichungen","status":"publish","type":"page","link":"https:\/\/seibert-rechtundsteuern.de\/en\/veroeffentlichungen\/","title":{"rendered":"Publications"},"content":{"rendered":"<div data-elementor-type=\"wp-page\" data-elementor-id=\"1976\" class=\"elementor elementor-1976\" data-elementor-post-type=\"page\">\n\t\t\t\t<section class=\"elementor-element elementor-element-a9b7da4 e-flex e-con-boxed e-con e-parent\" data-id=\"a9b7da4\" data-element_type=\"container\" data-e-type=\"container\">\n\t\t\t\t\t<div class=\"e-con-inner\">\n\t\t\t\t<div class=\"elementor-element elementor-element-9326a8b elementor-widget elementor-widget-heading\" data-id=\"9326a8b\" data-element_type=\"widget\" data-e-type=\"widget\" data-widget_type=\"heading.default\">\n\t\t\t\t<div class=\"elementor-widget-container\">\n\t\t\t\t\t<h1 class=\"elementor-heading-title elementor-size-default\">Publications<\/h1>\t\t\t\t<\/div>\n\t\t\t\t<\/div>\n\t\t\t\t<div class=\"elementor-element elementor-element-c201212 elementor-widget elementor-widget-image\" data-id=\"c201212\" data-element_type=\"widget\" data-e-type=\"widget\" data-widget_type=\"image.default\">\n\t\t\t\t<div class=\"elementor-widget-container\">\n\t\t\t\t\t\t\t\t\t\t\t\t\t\t\t<img decoding=\"async\" width=\"100\" height=\"2\" src=\"https:\/\/seibert-rechtundsteuern.de\/wp-content\/uploads\/2025\/03\/Group-6.svg\" class=\"attachment-full size-full wp-image-719\" alt=\"\" \/>\t\t\t\t\t\t\t\t\t\t\t\t\t\t\t<\/div>\n\t\t\t\t<\/div>\n\t\t<div class=\"elementor-element elementor-element-29233ec e-con-full e-flex e-con e-child\" data-id=\"29233ec\" data-element_type=\"container\" data-e-type=\"container\">\n\t\t<div class=\"elementor-element elementor-element-a25a5a2 e-con-full e-flex e-con e-child\" data-id=\"a25a5a2\" data-element_type=\"container\" data-e-type=\"container\">\n\t\t<div class=\"elementor-element elementor-element-05112eb e-con-full e-flex e-con e-child\" data-id=\"05112eb\" data-element_type=\"container\" data-e-type=\"container\" data-settings=\"{&quot;background_background&quot;:&quot;classic&quot;}\">\n\t\t\t\t<\/div>\n\t\t<div class=\"elementor-element elementor-element-100bf32 e-con-full e-flex e-con e-child\" data-id=\"100bf32\" data-element_type=\"container\" data-e-type=\"container\" data-settings=\"{&quot;background_background&quot;:&quot;classic&quot;}\">\n\t\t\t\t<\/div>\n\t\t<div class=\"elementor-element elementor-element-054db4f e-con-full e-flex e-con e-child\" data-id=\"054db4f\" data-element_type=\"container\" data-e-type=\"container\" data-settings=\"{&quot;background_background&quot;:&quot;classic&quot;}\">\n\t\t\t\t<\/div>\n\t\t<div class=\"elementor-element elementor-element-575590e e-con-full e-flex e-con e-child\" data-id=\"575590e\" data-element_type=\"container\" data-e-type=\"container\" data-settings=\"{&quot;background_background&quot;:&quot;classic&quot;}\">\n\t\t\t\t<\/div>\n\t\t\t\t<\/div>\n\t\t<div class=\"elementor-element elementor-element-b5b8e0d e-con-full e-flex e-con e-child\" data-id=\"b5b8e0d\" data-element_type=\"container\" data-e-type=\"container\" data-settings=\"{&quot;background_background&quot;:&quot;classic&quot;}\">\n\t\t<div class=\"elementor-element elementor-element-c55199c e-con-full box_scroll e-flex e-con e-child\" data-id=\"c55199c\" data-element_type=\"container\" data-e-type=\"container\" data-settings=\"{&quot;background_background&quot;:&quot;classic&quot;}\">\n\t\t\t\t<div class=\"elementor-element elementor-element-51a851e elementor-widget elementor-widget-text-editor\" data-id=\"51a851e\" data-element_type=\"widget\" data-e-type=\"widget\" data-widget_type=\"text-editor.default\">\n\t\t\t\t<div class=\"elementor-widget-container\">\n\t\t\t\t\t\t\t\t\t<p><strong>Publications by Dr. Holger Seibert, LL.M.:<\/strong><\/p>\t\t\t\t\t\t\t\t<\/div>\n\t\t\t\t<\/div>\n\t\t\t\t<div class=\"elementor-element elementor-element-688b45f texte elementor-widget elementor-widget-text-editor\" data-id=\"688b45f\" data-element_type=\"widget\" data-e-type=\"widget\" data-widget_type=\"text-editor.default\">\n\t\t\t\t<div class=\"elementor-widget-container\">\n\t\t\t\t\t\t\t\t\t<p>Europarechtliche Frist- und Bestandskrafthemmungen im Steuerrecht,<br \/>BB 1995, 543 &#8211; 550<\/p><p>Verzug, Mahnung und Warnobliegenheit beim \u00dcber-weisungsvertrag,<br \/>NJW 2006, 2357 &#8211; 2363<\/p><p>Die Haftung der Empf\u00e4ngerbank im \u00dcberweisungsverkehr f\u00fcr unterlassene Warnhinweise und Geldw\u00e4sche-Verdachtsanzeigen: Risiken und Vorbeugungsma\u00dfnahmen,<br \/>WM 2008, 2006 &#8211; 2012<\/p><p>Zur Umsatzsteuerfreiheit von \u00e4rztlichen Leistungen im Zusammenhang mit Schwangerschaftsabbr\u00fcchen,<br \/>DStR 2008, 1621 &#8211; 1626<\/p><p>Praktikerhandbuch Private Banking, <br \/>Herausgeber und Autor, Finanz Colloquium Heidelberg GmbH, Heidelberg 2013, 552 Seiten<\/p><p>Das Recht der Kapitalanlageberatung und -vermittlung,<br \/>C. H. Beck, M\u00fcnchen 2014, 420 Seiten<\/p><p>Anmerkung zum Urteil des BGH vom 22.09.2015 &#8211; II ZR 340\/14 &#8211; Zur Wirksamkeit haftungsbeschr\u00e4nkender und verj\u00e4hrungsk\u00fcrzender Klauseln in einem formularm\u00e4\u00dfigen Emissionsprospekt,<br \/>EWiR 2016, 7-8<\/p><p>Besteuerung der R\u00fcckg\u00e4ngigmachung von Beteiligungen an geschlossenen Immobilienfonds,<br \/>WM 2017, 1968 &#8211; 1974<\/p><p>Kommunalkredit mit strukturiertem Zinssatz: Wucher\u00e4hnliches Rechtsgesch\u00e4ft \/ Aufkl\u00e4rungspflichten aus einem Finanzierungsberatungsvertrag, <br \/>Anmerkung zu Kammergericht, Urteil vom 8.2.2017 &#8211; 26 U 32\/15,<br \/>WuB 2017, 587 &#8211; 590<\/p><p>Besteuerung von Transaktionen mit Xetra-Gold Inhaberschuldverschreibungen,<br \/>Anmerkung zu BFH, Urteil vom 6.2.2018 &#8211; IX IR 33\/17,<br \/>WuB 2018, 267 &#8211; 270<\/p><p>Pauschalierung der Einkommensteuer bei Sachzuwendungen an Privatkunden,<br \/>Anmerkung zu FG Baden-W\u00fcrttemberg, Urteil vom 19.04.2021 &#8211; 10 K 577\/21<br \/>WuB 2021, 47 &#8211; 51<\/p><p>Ist Bitcoin \u201eGeld\u201c und hat es einen \u201einneren Wert\u201c?,<br \/><u><\/u><u><\/u>BankPraktiker, April 2024, Beitragsnummer: 22561<\/p><p>Ist Bitcoin gekommen, um zu bleiben?,<br \/>BankPraktiker, Mai 2024, Beitragsnummer: 22563<\/p><p>Besteuerung von Investitionen in Bitcoin und andere Kryptow\u00e4hrungen,<br \/>BankPraktiker, September 2024, Beitragsnummer: 22728<\/p>\t\t\t\t\t\t\t\t<\/div>\n\t\t\t\t<\/div>\n\t\t\t\t<\/div>\n\t\t\t\t<\/div>\n\t\t\t\t<\/div>\n\t\t\t\t\t<\/div>\n\t\t\t\t<\/section>\n\t\t\t\t<\/div>","protected":false},"excerpt":{"rendered":"<p>Ver\u00f6ffentlichungen Ver\u00f6ffentlichungen Dr. Holger Seibert, LL.M.: Europarechtliche Frist- und Bestandskrafthemmungen im Steuerrecht,BB 1995, 543 &#8211; 550 Verzug, Mahnung und Warnobliegenheit beim \u00dcber-weisungsvertrag,NJW 2006, 2357 &#8211; 2363 Die Haftung der Empf\u00e4ngerbank im \u00dcberweisungsverkehr f\u00fcr unterlassene Warnhinweise und Geldw\u00e4sche-Verdachtsanzeigen: Risiken und Vorbeugungsma\u00dfnahmen,WM 2008, 2006 &#8211; 2012 Zur Umsatzsteuerfreiheit von \u00e4rztlichen Leistungen im Zusammenhang mit Schwangerschaftsabbr\u00fcchen,DStR 2008, 1621 [&hellip;]<\/p>\n","protected":false},"author":1,"featured_media":0,"parent":0,"menu_order":0,"comment_status":"closed","ping_status":"closed","template":"","meta":{"footnotes":""},"class_list":["post-1976","page","type-page","status-publish","hentry"],"_links":{"self":[{"href":"https:\/\/seibert-rechtundsteuern.de\/en\/wp-json\/wp\/v2\/pages\/1976","targetHints":{"allow":["GET"]}}],"collection":[{"href":"https:\/\/seibert-rechtundsteuern.de\/en\/wp-json\/wp\/v2\/pages"}],"about":[{"href":"https:\/\/seibert-rechtundsteuern.de\/en\/wp-json\/wp\/v2\/types\/page"}],"author":[{"embeddable":true,"href":"https:\/\/seibert-rechtundsteuern.de\/en\/wp-json\/wp\/v2\/users\/1"}],"replies":[{"embeddable":true,"href":"https:\/\/seibert-rechtundsteuern.de\/en\/wp-json\/wp\/v2\/comments?post=1976"}],"version-history":[{"count":10,"href":"https:\/\/seibert-rechtundsteuern.de\/en\/wp-json\/wp\/v2\/pages\/1976\/revisions"}],"predecessor-version":[{"id":2553,"href":"https:\/\/seibert-rechtundsteuern.de\/en\/wp-json\/wp\/v2\/pages\/1976\/revisions\/2553"}],"wp:attachment":[{"href":"https:\/\/seibert-rechtundsteuern.de\/en\/wp-json\/wp\/v2\/media?parent=1976"}],"curies":[{"name":"wp","href":"https:\/\/api.w.org\/{rel}","templated":true}]}}