{"id":744,"date":"2025-03-19T15:13:31","date_gmt":"2025-03-19T15:13:31","guid":{"rendered":"https:\/\/seibert-rechtundsteuern.de\/?page_id=744"},"modified":"2025-12-12T13:52:54","modified_gmt":"2025-12-12T13:52:54","slug":"datenschutz","status":"publish","type":"page","link":"https:\/\/seibert-rechtundsteuern.de\/en\/datenschutz\/","title":{"rendered":"Data privacy"},"content":{"rendered":"<div data-elementor-type=\"wp-page\" data-elementor-id=\"744\" class=\"elementor elementor-744\" data-elementor-post-type=\"page\">\n\t\t\t\t<section class=\"elementor-element elementor-element-460c061 e-flex e-con-boxed e-con e-parent\" data-id=\"460c061\" data-element_type=\"container\" data-e-type=\"container\">\n\t\t\t\t\t<div class=\"e-con-inner\">\n\t\t\t\t<div class=\"elementor-element elementor-element-344fc1d impressum elementor-widget elementor-widget-heading\" data-id=\"344fc1d\" data-element_type=\"widget\" data-e-type=\"widget\" data-widget_type=\"heading.default\">\n\t\t\t\t<div class=\"elementor-widget-container\">\n\t\t\t\t\t<h1 class=\"elementor-heading-title elementor-size-default\">Data privacy<\/h1>\t\t\t\t<\/div>\n\t\t\t\t<\/div>\n\t\t\t\t<div class=\"elementor-element elementor-element-04562ce elementor-widget elementor-widget-image\" data-id=\"04562ce\" data-element_type=\"widget\" data-e-type=\"widget\" data-widget_type=\"image.default\">\n\t\t\t\t<div class=\"elementor-widget-container\">\n\t\t\t\t\t\t\t\t\t\t\t\t\t\t\t<img decoding=\"async\" width=\"100\" height=\"2\" src=\"https:\/\/seibert-rechtundsteuern.de\/wp-content\/uploads\/2025\/03\/Group-6.svg\" class=\"attachment-full size-full wp-image-719\" alt=\"\" \/>\t\t\t\t\t\t\t\t\t\t\t\t\t\t\t<\/div>\n\t\t\t\t<\/div>\n\t\t<div class=\"elementor-element elementor-element-befa317 e-con-full e-flex e-con e-child\" data-id=\"befa317\" data-element_type=\"container\" data-e-type=\"container\">\n\t\t<div class=\"elementor-element elementor-element-c9e82c9 e-con-full datenschutz e-flex e-con e-child\" data-id=\"c9e82c9\" data-element_type=\"container\" data-e-type=\"container\" data-settings=\"{&quot;background_background&quot;:&quot;classic&quot;}\">\n\t\t<div class=\"elementor-element elementor-element-275f02a e-con-full box_scroll e-flex e-con e-child\" data-id=\"275f02a\" data-element_type=\"container\" data-e-type=\"container\" data-settings=\"{&quot;background_background&quot;:&quot;classic&quot;}\">\n\t\t\t\t<div class=\"elementor-element elementor-element-f0c4023 datenschutz elementor-widget elementor-widget-text-editor\" data-id=\"f0c4023\" data-element_type=\"widget\" data-e-type=\"widget\" data-widget_type=\"text-editor.default\">\n\t\t\t\t<div class=\"elementor-widget-container\">\n\t\t\t\t\t\t\t\t\t<p class=\"p1\"><b>Privacy policy<\/b><\/p><p><b>1. General Information<\/b><\/p><p class=\"p1\">This privacy policy provides detailed information on what happens to your personal data when you visit our website www.seibert-rechtundsteuern.de. Personal data refers to all data that can be used to personally identify you. We strictly adhere to the legal provisions for processing your data, in particular the General Data Protection Regulation (\"GDPR\"), and place great importance on ensuring that your visit to our website is absolutely secure.<\/p><p><b>2. Name and Contact Details of the Controller<\/b><b><\/b><\/p><p class=\"p1\">The controller responsible for data processing on this website in accordance with data protection law is:<\/p><p class=\"p1 translation-block\"><b>Name:<\/b> <b>Seibert \u2013 Recht &amp; Steuern, Rechtsanwalts-PartG mbB<\/b><b><\/b><\/p><p class=\"p1 translation-block\"><b>Address:<\/b> Roteb\u00fchlplatz 19, 70178 Stuttgart, Deutschland<\/p><p class=\"p3\"><span class=\"s1\"><b>Email<\/b>: <a href=\"mailto:info@seibert-rechtundsteuern.de\"><span class=\"s2\">info@seibert-rechtundsteuern.de<\/span><\/a><\/span><\/p>\t\t\t\t\t\t\t\t<\/div>\n\t\t\t\t<\/div>\n\t\t\t\t<div class=\"elementor-element elementor-element-41034a4 datenschutz elementor-widget elementor-widget-text-editor\" data-id=\"41034a4\" data-element_type=\"widget\" data-e-type=\"widget\" data-widget_type=\"text-editor.default\">\n\t\t\t\t<div class=\"elementor-widget-container\">\n\t\t\t\t\t\t\t\t\t<p><strong>Telefon<\/strong>: <span class=\"elementor-icon-list-text\">+49 (0)711 18 42 903 \u2013 0<\/span><br \/><br \/><strong>Fax<\/strong>: <span class=\"elementor-icon-list-text\">+49 (0)711 18 42 903 \u2013 9<\/span><\/p><p><br \/><br \/><\/p>\t\t\t\t\t\t\t\t<\/div>\n\t\t\t\t<\/div>\n\t\t\t\t<div class=\"elementor-element elementor-element-a19458b datenschutz elementor-widget elementor-widget-text-editor\" data-id=\"a19458b\" data-element_type=\"widget\" data-e-type=\"widget\" data-widget_type=\"text-editor.default\">\n\t\t\t\t<div class=\"elementor-widget-container\">\n\t\t\t\t\t\t\t\t\t<p><b>3. Collection and Storage of Personal Data and the Nature and Purpose of Its Use<\/b><b><\/b><\/p><p class=\"p1\"><b>a) When visiting the website<\/b><b><\/b><\/p><p class=\"p1 translation-block\">When you access our website www.seibert-rechtundsteuern.de, information is automatically sent to the server of our website by the browser used on your device. This information is temporarily stored in a so-called log file. The following data is collected without your intervention and stored until automated deletion:<\/p><ul class=\"ul1\"><li class=\"li1\">IP address of the requesting device<\/li><li class=\"li1\">Date and time of access<\/li><li class=\"li1\">Name and URL of the accessed file<\/li><li class=\"li1\">Website from which the access was made (referrer URL)<\/li><li class=\"li1\">Browser used, operating system if applicable, and the name of your access provider.<\/li><\/ul><p class=\"p1\">This data is processed for the following purposes:<\/p><ul class=\"ul1\"><li class=\"li1\">Ensuring a smooth connection setup of the website<\/li><li class=\"li1\">Ensuring comfortable use of our website<\/li><li class=\"li1\">Evaluation of system security and stability<\/li><li class=\"li1\">Other administrative purposes.<\/li><\/ul><p class=\"p1\">The legal basis for data processing is Article 6(1)(f) GDPR. Our legitimate interest arises from the purposes listed above, in particular to improve the stability and functionality of our website. In no case do we use the collected data to draw conclusions about your identity.<\/p><p class=\"p1\">Furthermore, we use cookies when you visit our website. More information can be found in Section 5 of this privacy policy.<\/p><p class=\"p1\"><b>b) When using our contact form<\/b><b><\/b><\/p><p class=\"p1\">If you have any questions, we offer you the opportunity to contact us via the form provided on our website. A valid name, telephone number, and email address are required so that we know who is making the request and can respond accordingly. Additional information may be provided voluntarily.<\/p><p class=\"p1\">Data processing for the purpose of contacting us is based on your voluntary consent in accordance with Article 6(1)(a) GDPR. You can revoke your consent at any time by sending us an informal email.<\/p><p class=\"p1\">The lawfulness of data processing carried out until the time of revocation remains unaffected. Data submitted via the contact form will be retained by us until you request deletion, revoke your consent, or the purpose for data storage no longer applies. Mandatory statutory provisions \u2013 in particular retention periods \u2013 remain unaffected.<\/p><p><b>4. Disclosure of Data<\/b><b><\/b><\/p><p class=\"p1\">Your personal data will not be transferred to third parties for any purposes other than those listed below. We will not sell or otherwise commercialize the personal data (e. g. your name and email address) that you provide to us (e.g. via the contact form or by email).<\/p><p class=\"p1\">We only disclose your personal data to third parties if:<\/p><ul class=\"ul1\"><li class=\"li1\">you have given your explicit consent pursuant to Article 6(1)(a) GDPR;<\/li><li class=\"li1\">the disclosure is necessary for the establishment, exercise or defense of legal claims pursuant to Article 6(1)(f) GDPR, and there is no reason to assume that you have an overriding legitimate interest in not disclosing your data;<\/li><li class=\"li1\">there is a legal obligation to disclose data pursuant to Article 6(1)(c) GDPR; or<\/li><li class=\"li1\">such disclosure is legally permissible and necessary for the performance of a contract with you pursuant to Article 6(1)(b) GDPR.<\/li><\/ul><p><b>\u00a0<\/b><\/p><p><b>5. Cookies<\/b><b><\/b><\/p><p class=\"p1\">To make your visit to our website more user-friendly and to enable the use of certain functions, we use cookies. Cookies are small text files that are automatically created by your browser and stored on your device (laptop, tablet, smartphone, etc.) when you visit our site. Cookies do not cause any damage to your device, nor do they contain viruses, trojans, or other malware. The cookie stores information that is related to the specific device being used. However, this does not mean that we can directly identify you.<\/p><p class=\"p1\">Cookies that are required for the electronic communication process or for the provision of specific functions you have requested are stored on the basis of Article 6(1)(f) GDPR. We have a legitimate interest in storing cookies for the technically error-free and optimized provision of our services.<\/p><p class=\"p1\">Cookies serve various purposes. Some are used to make our site more user-friendly. For example, we use so-called session cookies to recognize that you have already visited individual pages on our website. These are automatically deleted when you leave our site.<\/p><p class=\"p1\">We also use temporary cookies to enhance user experience; these are stored on your device for a defined period. If you revisit our site, it will recognize that you have already been here and recall the inputs and settings you previously selected. You can configure your browser to notify you before cookies are stored, allow cookies only on a case-by-case basis, block the acceptance of cookies altogether, or automatically delete cookies when you close your browser. Disabling cookies may limit the functionality of this website.<\/p><p class=\"p1\"><b>Cookie Consent with Borlabs Cookie<\/b><\/p><p class=\"p1\">This website uses the cookie consent technology \u201cBorlabs Cookie\u201d to obtain and document your consent to store specific cookies or use certain technologies in a privacy-compliant manner. Provider: Borlabs \u2013 Benjamin A. Bornschein, R\u00fcbenkamp 32, 22305 Hamburg, Germany. The Borlabs cookie stores your selected preferences when entering the website. This information is not transmitted to Borlabs. The legal basis is Article 6(1)(c) GDPR. For more information: https:\/\/de.borlabs.io\/kb\/welche-daten-speichert-borlabs-cookie<\/p><p class=\"p1\"><b>GTranslate<\/b><\/p><p class=\"p1 translation-block\">We use the \u201cGTranslate\u201d plugin to provide multilingual functionality on our website. Provider: GTranslate Inc., 5185 MacArthur Blvd NW Ste 102, Washington, DC 20016, USA. GTranslate may integrate content from Google Translate, which could involve transmitting personal data such as your IP address to Google servers in the USA. The legal basis for this processing is Article 6(1)(f) GDPR. Our legitimate interest lies in presenting our website in a user-friendly manner to international visitors. For more information: https:\/\/policies.google.com\/privacy<\/p><p><b>6. Analytics Tools<\/b><b><\/b><\/p><p class=\"p1\">This website does not use any external analytics or tracking tools (such as Google Analytics or Matomo).<\/p><p><b>7. Social Media Plug-ins<\/b><b><\/b><\/p><p class=\"p1\">This website does not use traditional social media plug-ins (such as Facebook, Twitter, or Instagram). However, third-party content (e.g. LinkedIn or Google Maps) may be integrated via Elementor, without the use of additional plug-ins. Depending on how the content is embedded and configured, this may result in the transmission of personal data to the respective providers.<\/p><p><b>8. Data Retention<\/b><b><\/b><\/p><p class=\"p1\">Personal data transmitted to us via our website is only stored for as long as necessary to fulfill the purpose for which it was provided. Where statutory commercial or tax-related retention periods apply, the storage period for certain data may be up to 10 years.<\/p><p><b>9. Rights of Data Subjects<\/b><b><\/b><\/p><p class=\"p1\">With regard to your personal data processed by us, you have the following rights vis-\u00e0-vis the controller, in accordance with the applicable legal provisions:<\/p><ul class=\"ul1\"><li class=\"li1\">Right of access pursuant to Article 15 GDPR: to request information about the personal data we process concerning you;<\/li><li class=\"li1\">Right to rectification pursuant to Article 16 GDPR: to request the correction of inaccurate or incomplete personal data stored by us without undue delay;<\/li><li class=\"li1\">Right to erasure pursuant to Article 17 GDPR: to request the deletion of your personal data stored by us;<\/li><li class=\"li1\">Right to restriction of processing pursuant to Article 18 GDPR: to request the restriction of processing of your personal data;<\/li><li class=\"li1\">Right to data portability pursuant to Article 20 GDPR: to receive your personal data in a structured, commonly used, and machine-readable format or to request its transmission to another controller;<\/li><li class=\"li1\">Right to withdraw consent pursuant to Article 7(3) GDPR: to revoke your previously granted consent at any time;<\/li><li class=\"li1\">Right to lodge a complaint pursuant to Article 77 GDPR: to file a complaint with a supervisory authority if you believe the processing of your personal data infringes the GDPR. The supervisory authority responsible for us is:<\/li><\/ul><p class=\"p4\">Der Landesbeauftragte f\u00fcr den Datenschutz und die Informationsfreiheit Baden-W\u00fcrttemberg<\/p><p class=\"p4\">Postfach 10 29 32, 70025 Stuttgart<\/p><p class=\"p4\">or<\/p><p class=\"p4\">Lautenschlagerstra\u00dfe 20, 70173 Stuttgart<\/p><p class=\"p4\">Phone: +49 (0)711 \/ 61 55 41-0<\/p><p class=\"p4\">E-mail: poststelle@lfdi.bwl.de<\/p><p class=\"p5\"><span class=\"s1\">Website <a href=\"https:\/\/www.baden-wuerttemberg.datenschutz.de\" target=\"_blank\" rel=\"noopener\"><span class=\"s2\">https:\/\/www.baden-wuerttemberg.datenschutz.de<\/span><\/a><\/span><\/p><p><b>10. Right to Object<\/b><b><\/b><\/p><p class=\"p1\">If your personal data is processed on the basis of Article 6(1)(f) GDPR, you have the right, pursuant to Article 21 GDPR, to object to the processing of your personal data on grounds relating to your particular situation. Where your personal data is processed for direct marketing purposes, you have the right to object at any time without providing specific reasons. If you wish to exercise your right to withdraw consent or to object, simply send an email to: <a href=\"mailto:info@seibert-rechtundsteuern.de\"><span class=\"s2\">info@seibert-rechtundsteuern.de<\/span><\/a>.<\/p><p><b>11. Data Security<\/b><b><\/b><\/p><p class=\"p1\">We use the widely adopted SSL (Secure Socket Layer) encryption protocol during website visits. You can recognize an encrypted connection by the change in the browser address bar from \u201chttp:\/\/\u201d to \u201chttps:\/\/\u201d and by the lock icon in your browser\u2019s address line. In addition, we apply appropriate technical and organizational security measures to protect your data against accidental or intentional manipulation, loss, or unauthorized access by third parties. Our security measures are continuously improved in line with technological advancements.<\/p><p><b>12. Updates to This Privacy Policy<\/b><b><\/b><\/p><p class=\"p1\">This privacy policy is currently valid and was last updated in June 2025.<\/p><p class=\"p1 translation-block\">As our website evolves or due to changes in legal requirements, it may become necessary to update this privacy policy. The latest version is always available at: www.seibert-rechtundsteuern.de\/impressum<\/p>\t\t\t\t\t\t\t\t<\/div>\n\t\t\t\t<\/div>\n\t\t\t\t<\/div>\n\t\t\t\t<\/div>\n\t\t<div class=\"elementor-element elementor-element-2cbf8ff e-con-full e-flex e-con e-child\" data-id=\"2cbf8ff\" data-element_type=\"container\" data-e-type=\"container\">\n\t\t<div class=\"elementor-element elementor-element-b7fbd2d e-con-full e-flex e-con e-child\" data-id=\"b7fbd2d\" data-element_type=\"container\" data-e-type=\"container\" data-settings=\"{&quot;background_background&quot;:&quot;classic&quot;}\">\n\t\t\t\t<\/div>\n\t\t<div class=\"elementor-element elementor-element-eeead4e e-con-full e-flex e-con e-child\" data-id=\"eeead4e\" data-element_type=\"container\" data-e-type=\"container\" data-settings=\"{&quot;background_background&quot;:&quot;classic&quot;}\">\n\t\t\t\t<\/div>\n\t\t<div class=\"elementor-element elementor-element-091726a e-con-full e-flex e-con e-child\" data-id=\"091726a\" data-element_type=\"container\" data-e-type=\"container\" data-settings=\"{&quot;background_background&quot;:&quot;classic&quot;}\">\n\t\t\t\t<\/div>\n\t\t<div class=\"elementor-element elementor-element-99c900f e-con-full e-flex e-con e-child\" data-id=\"99c900f\" data-element_type=\"container\" data-e-type=\"container\" data-settings=\"{&quot;background_background&quot;:&quot;classic&quot;}\">\n\t\t\t\t<\/div>\n\t\t\t\t<\/div>\n\t\t\t\t<\/div>\n\t\t\t\t\t<\/div>\n\t\t\t\t<\/section>\n\t\t\t\t<\/div>","protected":false},"excerpt":{"rendered":"<p>Datenschutz Datenschutzerkl\u00e4rung 1. Allgemeine Hinweise Diese Datenschutzerkl\u00e4rung enth\u00e4lt ausf\u00fchrliche Informationen dar\u00fcber, was mit Ihren pers\u00f6nlichen Daten passiert, wenn Sie unsere Website www.seibert-rechtundsteuern.de besuchen. Personenbezogene Daten sind alle Daten, mit denen Sie sich pers\u00f6nlich identifizieren k\u00f6nnen. Wir halten uns bei der Verarbeitung Ihrer Daten streng an die gesetzlichen Bestimmungen, insbesondere die Datenschutzgrundverordnung (\u201eDSGVO\u201c), und legen gro\u00dfen [&hellip;]<\/p>\n","protected":false},"author":1,"featured_media":0,"parent":0,"menu_order":0,"comment_status":"closed","ping_status":"closed","template":"","meta":{"footnotes":""},"class_list":["post-744","page","type-page","status-publish","hentry"],"_links":{"self":[{"href":"https:\/\/seibert-rechtundsteuern.de\/en\/wp-json\/wp\/v2\/pages\/744","targetHints":{"allow":["GET"]}}],"collection":[{"href":"https:\/\/seibert-rechtundsteuern.de\/en\/wp-json\/wp\/v2\/pages"}],"about":[{"href":"https:\/\/seibert-rechtundsteuern.de\/en\/wp-json\/wp\/v2\/types\/page"}],"author":[{"embeddable":true,"href":"https:\/\/seibert-rechtundsteuern.de\/en\/wp-json\/wp\/v2\/users\/1"}],"replies":[{"embeddable":true,"href":"https:\/\/seibert-rechtundsteuern.de\/en\/wp-json\/wp\/v2\/comments?post=744"}],"version-history":[{"count":13,"href":"https:\/\/seibert-rechtundsteuern.de\/en\/wp-json\/wp\/v2\/pages\/744\/revisions"}],"predecessor-version":[{"id":2865,"href":"https:\/\/seibert-rechtundsteuern.de\/en\/wp-json\/wp\/v2\/pages\/744\/revisions\/2865"}],"wp:attachment":[{"href":"https:\/\/seibert-rechtundsteuern.de\/en\/wp-json\/wp\/v2\/media?parent=744"}],"curies":[{"name":"wp","href":"https:\/\/api.w.org\/{rel}","templated":true}]}}