{"id":1970,"date":"2025-03-28T06:37:19","date_gmt":"2025-03-28T06:37:19","guid":{"rendered":"https:\/\/seibert-rechtundsteuern.de\/?page_id=1970"},"modified":"2025-06-23T07:02:25","modified_gmt":"2025-06-23T07:02:25","slug":"stellen","status":"publish","type":"page","link":"https:\/\/seibert-rechtundsteuern.de\/fr\/stellen\/","title":{"rendered":"Emplois vacants"},"content":{"rendered":"<div data-elementor-type=\"wp-page\" data-elementor-id=\"1970\" class=\"elementor elementor-1970\" data-elementor-post-type=\"page\">\n\t\t\t\t<section class=\"elementor-element elementor-element-357e42b6 e-flex e-con-boxed e-con e-parent\" data-id=\"357e42b6\" data-element_type=\"container\" data-e-type=\"container\">\n\t\t\t\t\t<div class=\"e-con-inner\">\n\t\t<div class=\"elementor-element elementor-element-146c7147 e-con-full e-flex e-con e-child\" data-id=\"146c7147\" data-element_type=\"container\" data-e-type=\"container\">\n\t\t\t\t<div class=\"elementor-element elementor-element-3e483746 elementor-widget elementor-widget-image\" data-id=\"3e483746\" data-element_type=\"widget\" data-e-type=\"widget\" data-widget_type=\"image.default\">\n\t\t\t\t<div class=\"elementor-widget-container\">\n\t\t\t\t\t\t\t\t\t\t\t\t\t\t\t<img fetchpriority=\"high\" decoding=\"async\" width=\"1180\" height=\"1180\" src=\"https:\/\/seibert-rechtundsteuern.de\/wp-content\/uploads\/2025\/02\/item-3-1.jpg\" class=\"attachment-full size-full wp-image-48\" alt=\"\" srcset=\"https:\/\/seibert-rechtundsteuern.de\/wp-content\/uploads\/2025\/02\/item-3-1.jpg 1180w, https:\/\/seibert-rechtundsteuern.de\/wp-content\/uploads\/2025\/02\/item-3-1-300x300.jpg 300w, https:\/\/seibert-rechtundsteuern.de\/wp-content\/uploads\/2025\/02\/item-3-1-1024x1024.jpg 1024w, https:\/\/seibert-rechtundsteuern.de\/wp-content\/uploads\/2025\/02\/item-3-1-150x150.jpg 150w, https:\/\/seibert-rechtundsteuern.de\/wp-content\/uploads\/2025\/02\/item-3-1-768x768.jpg 768w\" sizes=\"(max-width: 1180px) 100vw, 1180px\" \/>\t\t\t\t\t\t\t\t\t\t\t\t\t\t\t<\/div>\n\t\t\t\t<\/div>\n\t\t\t\t<\/div>\n\t\t<div class=\"elementor-element elementor-element-44cb7e6 e-con-full Mcsb e-flex e-con e-child\" data-id=\"44cb7e6\" data-element_type=\"container\" data-e-type=\"container\" data-settings=\"{&quot;background_background&quot;:&quot;classic&quot;}\">\n\t\t\t\t<div class=\"elementor-element elementor-element-78fbea47 elementor-widget elementor-widget-heading\" data-id=\"78fbea47\" data-element_type=\"widget\" data-e-type=\"widget\" data-widget_type=\"heading.default\">\n\t\t\t\t<div class=\"elementor-widget-container\">\n\t\t\t\t\t<h1 class=\"elementor-heading-title elementor-size-default\">Avocat(e) (h\/f\/d)<br>Assistant(e) juridique (h\/f\/d)<br>\nAssistant(e) juridique sp\u00e9cialis\u00e9(e) certifi\u00e9(e) (h\/f\/d)<\/h1>\t\t\t\t<\/div>\n\t\t\t\t<\/div>\n\t\t\t\t<div class=\"elementor-element elementor-element-5515fef7 elementor-widget elementor-widget-text-editor\" data-id=\"5515fef7\" data-element_type=\"widget\" data-e-type=\"widget\" data-widget_type=\"text-editor.default\">\n\t\t\t\t<div class=\"elementor-widget-container\">\n\t\t\t\t\t\t\t\t\t\n<b>Nous accueillons volontiers les jeunes dipl\u00f4m\u00e9(e)s, les profils en reconversion ainsi que les professionnel(le)s exp\u00e9riment\u00e9(e)s. Postulez d\u00e8s maintenant !<\/b>\t\t\t\t\t\t\t\t<\/div>\n\t\t\t\t<\/div>\n\t\t\t\t<div class=\"elementor-element elementor-element-c605bf3 stellentxt elementor-widget elementor-widget-text-editor\" data-id=\"c605bf3\" data-element_type=\"widget\" data-e-type=\"widget\" data-widget_type=\"text-editor.default\">\n\t\t\t\t<div class=\"elementor-widget-container\">\n\t\t\t\t\t\t\t\t\t<p>En tant que law boutique situ\u00e9e \u00e0 Stuttgart, nous exer\u00e7ons depuis plus de 35 ans avec comp\u00e9tence et exigence sur des domaines cibl\u00e9s du droit \u00e9conomique et du droit fiscal.<\/p><p>Afin d\u2019assurer un accompagnement optimal de notre client\u00e8le d\u2019entreprises et d\u2019\u00e9tablissements bancaires, en Allemagne comme \u00e0 l\u2019international, nous cherchons \u00e0 renforcer notre \u00e9quipe avec des collaborateurs engag\u00e9s, dot\u00e9s de comp\u00e9tences professionnelles et humaines solides.<\/p><p>Ce que nous offrons :\n<ul>\n<li>Un environnement de travail agr\u00e9able<\/li>\n\n<li>Un bureau moderne, situ\u00e9 au c\u0153ur de Stuttgart, tr\u00e8s bien desservi par les transports en commun<\/li>\n\n\n<li>Une r\u00e9mun\u00e9ration li\u00e9e \u00e0 la performance<\/li>\n\n<li>Un cadre de travail dynamique, exigeant et stimulant<\/li>\n\n<\/ul>\n\nCe que nous attendons :\n<ul>\n<li>Un fort engagement personnel<\/li>\n<li>De r\u00e9elles qualit\u00e9s d\u2019organisation<\/li>\n<li>Une capacit\u00e9 \u00e0 convaincre et \u00e0 agir avec assurance<\/li>\n<\/ul>\n<\/br>\nNous serons ravis de recevoir un dossier de candidature complet.<\/p><p class=\"translation-block\">Merci d\u2019envoyer vos documents \u00e0 l\u2019attention de :<\/p><p class=\"translation-block\">Dr. Holger Seibert, LL.M.\n<\/br>\nE-mail: holger.seibert@seibert-rechtundsteuern.de<\/p>\t\t\t\t\t\t\t\t<\/div>\n\t\t\t\t<\/div>\n\t\t\t\t<div class=\"elementor-element elementor-element-7e7952c elementor-widget elementor-widget-button\" data-id=\"7e7952c\" data-element_type=\"widget\" data-e-type=\"widget\" data-widget_type=\"button.default\">\n\t\t\t\t<div class=\"elementor-widget-container\">\n\t\t\t\t\t\t\t\t\t<div class=\"elementor-button-wrapper\">\n\t\t\t\t\t<a class=\"elementor-button elementor-button-link elementor-size-sm\" href=\"\/fr\/bewerbungsformular\/\">\n\t\t\t\t\t\t<span class=\"elementor-button-content-wrapper\">\n\t\t\t\t\t\t\t\t\t<span class=\"elementor-button-text\">Postuler maintenant<\/span>\n\t\t\t\t\t<\/span>\n\t\t\t\t\t<\/a>\n\t\t\t\t<\/div>\n\t\t\t\t\t\t\t\t<\/div>\n\t\t\t\t<\/div>\n\t\t\t\t<\/div>\n\t\t\t\t\t<\/div>\n\t\t\t\t<\/section>\n\t\t\t\t<\/div>","protected":false},"excerpt":{"rendered":"<p>Rechtsanwalt\/Rechtsanw\u00e4ltin (m\/w\/d) Rechtsanwaltsfachangestellter\/ Rechtsanwaltsfachangestellte (m\/w\/d) sowie Gepr\u00fcfter Rechtsfachwirt \/ Gepr\u00fcfte Rechtsfachwirtin (m\/w\/d) Wir sind offen f\u00fcr Frischlinge, Quereinsteiger und \u201eAlte Hasen\u201c mit der Eigenschaft, etwas bewegen zu wollen. Bewerben Sie sich! Als \u201elaw boutique\u201c mit Sitz in Stuttgart leisten wir seit \u00fcber 35 Jahren kompetente Arbeit auf ausgesuchten Feldern des Wirtschafts- und Steuerrechts. Um unsere [&hellip;]<\/p>\n","protected":false},"author":1,"featured_media":0,"parent":0,"menu_order":0,"comment_status":"closed","ping_status":"closed","template":"","meta":{"footnotes":""},"class_list":["post-1970","page","type-page","status-publish","hentry"],"_links":{"self":[{"href":"https:\/\/seibert-rechtundsteuern.de\/fr\/wp-json\/wp\/v2\/pages\/1970","targetHints":{"allow":["GET"]}}],"collection":[{"href":"https:\/\/seibert-rechtundsteuern.de\/fr\/wp-json\/wp\/v2\/pages"}],"about":[{"href":"https:\/\/seibert-rechtundsteuern.de\/fr\/wp-json\/wp\/v2\/types\/page"}],"author":[{"embeddable":true,"href":"https:\/\/seibert-rechtundsteuern.de\/fr\/wp-json\/wp\/v2\/users\/1"}],"replies":[{"embeddable":true,"href":"https:\/\/seibert-rechtundsteuern.de\/fr\/wp-json\/wp\/v2\/comments?post=1970"}],"version-history":[{"count":14,"href":"https:\/\/seibert-rechtundsteuern.de\/fr\/wp-json\/wp\/v2\/pages\/1970\/revisions"}],"predecessor-version":[{"id":2735,"href":"https:\/\/seibert-rechtundsteuern.de\/fr\/wp-json\/wp\/v2\/pages\/1970\/revisions\/2735"}],"wp:attachment":[{"href":"https:\/\/seibert-rechtundsteuern.de\/fr\/wp-json\/wp\/v2\/media?parent=1970"}],"curies":[{"name":"wp","href":"https:\/\/api.w.org\/{rel}","templated":true}]}}