{"id":684,"date":"2025-03-19T13:14:25","date_gmt":"2025-03-19T13:14:25","guid":{"rendered":"https:\/\/seibert-rechtundsteuern.de\/?page_id=684"},"modified":"2025-12-12T13:54:35","modified_gmt":"2025-12-12T13:54:35","slug":"impressum","status":"publish","type":"page","link":"https:\/\/seibert-rechtundsteuern.de\/fr\/impressum\/","title":{"rendered":"Mentions l\u00e9gales"},"content":{"rendered":"<div data-elementor-type=\"wp-page\" data-elementor-id=\"684\" class=\"elementor elementor-684\" data-elementor-post-type=\"page\">\n\t\t\t\t<section class=\"elementor-element elementor-element-a9b7da4 e-flex e-con-boxed e-con e-parent\" data-id=\"a9b7da4\" data-element_type=\"container\" data-e-type=\"container\">\n\t\t\t\t\t<div class=\"e-con-inner\">\n\t\t\t\t<div class=\"elementor-element elementor-element-9326a8b impressum elementor-widget elementor-widget-heading\" data-id=\"9326a8b\" data-element_type=\"widget\" data-e-type=\"widget\" id=\"impressum\" data-widget_type=\"heading.default\">\n\t\t\t\t<div class=\"elementor-widget-container\">\n\t\t\t\t\t<h1 class=\"elementor-heading-title elementor-size-default\">Mentions l\u00e9gales<\/h1>\t\t\t\t<\/div>\n\t\t\t\t<\/div>\n\t\t\t\t<div class=\"elementor-element elementor-element-c201212 elementor-widget elementor-widget-image\" data-id=\"c201212\" data-element_type=\"widget\" data-e-type=\"widget\" data-widget_type=\"image.default\">\n\t\t\t\t<div class=\"elementor-widget-container\">\n\t\t\t\t\t\t\t\t\t\t\t\t\t\t\t<img decoding=\"async\" width=\"100\" height=\"2\" src=\"https:\/\/seibert-rechtundsteuern.de\/wp-content\/uploads\/2025\/03\/Group-6.svg\" class=\"attachment-full size-full wp-image-719\" alt=\"\" \/>\t\t\t\t\t\t\t\t\t\t\t\t\t\t\t<\/div>\n\t\t\t\t<\/div>\n\t\t<div class=\"elementor-element elementor-element-29233ec e-con-full e-flex e-con e-child\" data-id=\"29233ec\" data-element_type=\"container\" data-e-type=\"container\">\n\t\t<div class=\"elementor-element elementor-element-a25a5a2 e-con-full e-flex e-con e-child\" data-id=\"a25a5a2\" data-element_type=\"container\" data-e-type=\"container\">\n\t\t<div class=\"elementor-element elementor-element-05112eb e-con-full e-flex e-con e-child\" data-id=\"05112eb\" data-element_type=\"container\" data-e-type=\"container\" data-settings=\"{&quot;background_background&quot;:&quot;classic&quot;}\">\n\t\t\t\t<\/div>\n\t\t<div class=\"elementor-element elementor-element-100bf32 e-con-full e-flex e-con e-child\" data-id=\"100bf32\" data-element_type=\"container\" data-e-type=\"container\" data-settings=\"{&quot;background_background&quot;:&quot;classic&quot;}\">\n\t\t\t\t<\/div>\n\t\t<div class=\"elementor-element elementor-element-054db4f e-con-full e-flex e-con e-child\" data-id=\"054db4f\" data-element_type=\"container\" data-e-type=\"container\" data-settings=\"{&quot;background_background&quot;:&quot;classic&quot;}\">\n\t\t\t\t<\/div>\n\t\t<div class=\"elementor-element elementor-element-575590e e-con-full e-flex e-con e-child\" data-id=\"575590e\" data-element_type=\"container\" data-e-type=\"container\" data-settings=\"{&quot;background_background&quot;:&quot;classic&quot;}\">\n\t\t\t\t<\/div>\n\t\t\t\t<\/div>\n\t\t<div class=\"elementor-element elementor-element-b5b8e0d e-con-full e-flex e-con e-child\" data-id=\"b5b8e0d\" data-element_type=\"container\" data-e-type=\"container\" data-settings=\"{&quot;background_background&quot;:&quot;classic&quot;}\">\n\t\t<div class=\"elementor-element elementor-element-c55199c e-con-full box_scroll e-flex e-con e-child\" data-id=\"c55199c\" data-element_type=\"container\" data-e-type=\"container\" data-settings=\"{&quot;background_background&quot;:&quot;classic&quot;}\">\n\t\t\t\t<div class=\"elementor-element elementor-element-51a851e elementor-widget elementor-widget-text-editor\" data-id=\"51a851e\" data-element_type=\"widget\" data-e-type=\"widget\" data-widget_type=\"text-editor.default\">\n\t\t\t\t<div class=\"elementor-widget-container\">\n\t\t\t\t\t\t\t\t\t<p><b>Seibert \u2013 Recht &amp; Steuern, Rechtsanwalts-PartG mbB<\/b><\/p><p>Roteb\u00fchlplatz 19<br \/>70178 Stuttgart<br \/>Telefon <span class=\"elementor-icon-list-text\">+49 (0)711 18 42 903 \u2013 0<\/span><br \/>Telefax <span class=\"elementor-icon-list-text\">+49 (0)711 18 42 903 \u2013 9<\/span><\/p><p>E-mail : info@seibert-rechtundsteuern.de<\/p>\t\t\t\t\t\t\t\t<\/div>\n\t\t\t\t<\/div>\n\t\t\t\t<div class=\"elementor-element elementor-element-f91e4b4 elementor-widget elementor-widget-text-editor\" data-id=\"f91e4b4\" data-element_type=\"widget\" data-e-type=\"widget\" data-widget_type=\"text-editor.default\">\n\t\t\t\t<div class=\"elementor-widget-container\">\n\t\t\t\t\t\t\t\t\t<p>Inscrit au registre des partenariats (Partnerschaftsregister) aupr\u00e8s du Amtsgericht Stuttgart sous PR 721245<\/p><p><br \/>Num\u00e9ro d'identification TVA : DE 451 286 378<\/p>\t\t\t\t\t\t\t\t<\/div>\n\t\t\t\t<\/div>\n\t\t\t\t<div class=\"elementor-element elementor-element-688b45f elementor-widget elementor-widget-text-editor\" data-id=\"688b45f\" data-element_type=\"widget\" data-e-type=\"widget\" data-widget_type=\"text-editor.default\">\n\t\t\t\t<div class=\"elementor-widget-container\">\n\t\t\t\t\t\t\t\t\t<p><strong>Associ\u00e9s :<\/strong><br \/>Dr. Holger Seibert, LL.M.<\/p><p>Emily Seibert<\/p>\t\t\t\t\t\t\t\t<\/div>\n\t\t\t\t<\/div>\n\t\t\t\t<div class=\"elementor-element elementor-element-b1264f1 elementor-widget elementor-widget-text-editor\" data-id=\"b1264f1\" data-element_type=\"widget\" data-e-type=\"widget\" data-widget_type=\"text-editor.default\">\n\t\t\t\t<div class=\"elementor-widget-container\">\n\t\t\t\t\t\t\t\t\t<p><b>Autorisation d\u2019exercer :<\/b><\/p><p class=\"translation-block\">Les associ\u00e9s mentionn\u00e9s dans les pr\u00e9sentes mentions l\u00e9gales de <strong>Seibert \u2013 Recht &amp; Steuern, Rechtsanwalts-PartG mbB<\/strong>, ainsi que cette soci\u00e9t\u00e9 d\u2019exercice professionnel, sont autoris\u00e9s \u00e0 exercer en tant qu\u2019avocats (RA) ou soci\u00e9t\u00e9 d\u2019exercice professionnel en R\u00e9publique f\u00e9d\u00e9rale d\u2019Allemagne. L\u2019inscription est effectu\u00e9e aupr\u00e8s de la Rechtsanwaltskammer Stuttgart, K\u00f6nigstr. 13, 70173 Stuttgart.<\/p>\t\t\t\t\t\t\t\t<\/div>\n\t\t\t\t<\/div>\n\t\t\t\t<div class=\"elementor-element elementor-element-7decab4 elementor-widget elementor-widget-text-editor\" data-id=\"7decab4\" data-element_type=\"widget\" data-e-type=\"widget\" data-widget_type=\"text-editor.default\">\n\t\t\t\t<div class=\"elementor-widget-container\">\n\t\t\t\t\t\t\t\t\t<p><strong>Assurance responsabilit\u00e9 professionnelle :<\/strong><\/p><p class=\"translation-block\"><b>Seibert \u2013 Recht &amp; Steuern, Rechtsanwalts-PartG mbB<\/b> et chacun de ses associ\u00e9s sont couverts par une assurance responsabilit\u00e9 professionnelle souscrite aupr\u00e8s de : <b>ERGO Versicherung AG<\/b>,ERGO-Platz 1, 40477 D\u00fcsseldorf.<\/p>\t\t\t\t\t\t\t\t<\/div>\n\t\t\t\t<\/div>\n\t\t\t\t<div class=\"elementor-element elementor-element-5205843 elementor-widget elementor-widget-text-editor\" data-id=\"5205843\" data-element_type=\"widget\" data-e-type=\"widget\" data-widget_type=\"text-editor.default\">\n\t\t\t\t<div class=\"elementor-widget-container\">\n\t\t\t\t\t\t\t\t\t<p>Le champ g\u00e9ographique de la couverture d\u2019assurance s\u2019\u00e9tend au minimum aux prestations fournies dans les pays membres de l\u2019Union europ\u00e9enne et satisfait aux exigences minimales des \u00a7\u00a7 51 et suivants de la Bundesrechtsanwaltsordnung (BRAO).<\/p>\t\t\t\t\t\t\t\t<\/div>\n\t\t\t\t<\/div>\n\t\t\t\t<div class=\"elementor-element elementor-element-562ad53 elementor-widget elementor-widget-text-editor\" data-id=\"562ad53\" data-element_type=\"widget\" data-e-type=\"widget\" data-widget_type=\"text-editor.default\">\n\t\t\t\t<div class=\"elementor-widget-container\">\n\t\t\t\t\t\t\t\t\t<p><b>R\u00e9glementation professionnelle :<\/b><\/p>\t\t\t\t\t\t\t\t<\/div>\n\t\t\t\t<\/div>\n\t\t\t\t<div class=\"elementor-element elementor-element-e41e099 elementor-widget elementor-widget-text-editor\" data-id=\"e41e099\" data-element_type=\"widget\" data-e-type=\"widget\" data-widget_type=\"text-editor.default\">\n\t\t\t\t<div class=\"elementor-widget-container\">\n\t\t\t\t\t\t\t\t\t<p class=\"translation-block\">En tant que membres de la profession d\u2019avocat, les associ\u00e9s mentionn\u00e9s ci-dessus ainsi\nque <b>Seibert \u2013 Recht &amp; Steuern, Rechtsanwalts-PartG mbB<\/b> sont soumis aux dispositions\nprofessionnelles suivantes. L\u2019autorit\u00e9 de tutelle comp\u00e9tente est la Rechtsanwaltskammer Stuttgart.<\/p>\t\t\t\t\t\t\t\t<\/div>\n\t\t\t\t<\/div>\n\t\t\t\t<div class=\"elementor-element elementor-element-18189a6 elementor-widget elementor-widget-text-editor\" data-id=\"18189a6\" data-element_type=\"widget\" data-e-type=\"widget\" data-widget_type=\"text-editor.default\">\n\t\t\t\t<div class=\"elementor-widget-container\">\n\t\t\t\t\t\t\t\t\t<p>Les r\u00e8gles essentielles encadrant la profession d\u2019avocat en Allemagne sont notamment :<\/p><ul><li style=\"font-weight: 400;\" aria-level=\"1\"><span style=\"font-weight: 400;\">Berufsordnung der Rechtsanw\u00e4lte (BORA)<\/span><\/li><li style=\"font-weight: 400;\" aria-level=\"1\"><span style=\"font-weight: 400;\">Bundesrechtsanwaltsordnung (BRAO)<\/span><\/li><li style=\"font-weight: 400;\" aria-level=\"1\"><span style=\"font-weight: 400;\">Fachanwaltsordnung (FAO)<\/span><\/li><li style=\"font-weight: 400;\" aria-level=\"1\"><span style=\"font-weight: 400;\">Rechtsanwaltsverg\u00fctungsgesetz (RVG)<\/span><\/li><li style=\"font-weight: 400;\" aria-level=\"1\"><span style=\"font-weight: 400;\">Berufsregeln der Rechtsanw\u00e4lte der Europ\u00e4ischen Gemeinschaft (CCBE)<\/span><\/li><li style=\"font-weight: 400;\" aria-level=\"1\" class=\"translation-block\">Gesetz \u00fcber die T\u00e4tigkeit europ\u00e4ischer Rechtsanw\u00e4lte in Deutschland (EuRAG)<\/li><\/ul><p>\u00a0<\/p><p><span style=\"font-weight: 400;\">Les textes r\u00e9gissant la profession d\u2019avocat peuvent \u00eatre consult\u00e9s sur le site de la Bundesrechtsanwaltskammer (www.brak.de).\u00a0<\/span><\/p>\t\t\t\t\t\t\t\t<\/div>\n\t\t\t\t<\/div>\n\t\t\t\t<\/div>\n\t\t\t\t<\/div>\n\t\t\t\t<\/div>\n\t\t\t\t\t<\/div>\n\t\t\t\t<\/section>\n\t\t\t\t<\/div>","protected":false},"excerpt":{"rendered":"<p>Impressum Seibert &#8211; Recht &amp; Steuern, Rechtsanwalts-PartG mbB Roteb\u00fchlplatz 1970178 StuttgartTelefon +49 (0)711 18 42 903 \u2013 0Telefax +49 (0)711 18 42 903 \u2013 9 Mail: info@seibert-rechtundsteuern.de Eingetragen im Partnerschaftsregister beim Amtsgericht Stuttgart unter PR 721245 USt.-Identifikationsnummer: DE 451 286 378 PartnerDr. Holger Seibert, LL.M. Emily Seibert Zulassung:\u2028 Die in diesem Impressum genannten Partner der\u00a0Seibert [&hellip;]<\/p>\n","protected":false},"author":1,"featured_media":0,"parent":0,"menu_order":0,"comment_status":"closed","ping_status":"closed","template":"","meta":{"footnotes":""},"class_list":["post-684","page","type-page","status-publish","hentry"],"_links":{"self":[{"href":"https:\/\/seibert-rechtundsteuern.de\/fr\/wp-json\/wp\/v2\/pages\/684","targetHints":{"allow":["GET"]}}],"collection":[{"href":"https:\/\/seibert-rechtundsteuern.de\/fr\/wp-json\/wp\/v2\/pages"}],"about":[{"href":"https:\/\/seibert-rechtundsteuern.de\/fr\/wp-json\/wp\/v2\/types\/page"}],"author":[{"embeddable":true,"href":"https:\/\/seibert-rechtundsteuern.de\/fr\/wp-json\/wp\/v2\/users\/1"}],"replies":[{"embeddable":true,"href":"https:\/\/seibert-rechtundsteuern.de\/fr\/wp-json\/wp\/v2\/comments?post=684"}],"version-history":[{"count":19,"href":"https:\/\/seibert-rechtundsteuern.de\/fr\/wp-json\/wp\/v2\/pages\/684\/revisions"}],"predecessor-version":[{"id":2871,"href":"https:\/\/seibert-rechtundsteuern.de\/fr\/wp-json\/wp\/v2\/pages\/684\/revisions\/2871"}],"wp:attachment":[{"href":"https:\/\/seibert-rechtundsteuern.de\/fr\/wp-json\/wp\/v2\/media?parent=684"}],"curies":[{"name":"wp","href":"https:\/\/api.w.org\/{rel}","templated":true}]}}