{"id":744,"date":"2025-03-19T15:13:31","date_gmt":"2025-03-19T15:13:31","guid":{"rendered":"https:\/\/seibert-rechtundsteuern.de\/?page_id=744"},"modified":"2025-12-12T13:52:54","modified_gmt":"2025-12-12T13:52:54","slug":"datenschutz","status":"publish","type":"page","link":"https:\/\/seibert-rechtundsteuern.de\/fr\/datenschutz\/","title":{"rendered":"Protection des donn\u00e9es"},"content":{"rendered":"<div data-elementor-type=\"wp-page\" data-elementor-id=\"744\" class=\"elementor elementor-744\" data-elementor-post-type=\"page\">\n\t\t\t\t<section class=\"elementor-element elementor-element-460c061 e-flex e-con-boxed e-con e-parent\" data-id=\"460c061\" data-element_type=\"container\" data-e-type=\"container\">\n\t\t\t\t\t<div class=\"e-con-inner\">\n\t\t\t\t<div class=\"elementor-element elementor-element-344fc1d impressum elementor-widget elementor-widget-heading\" data-id=\"344fc1d\" data-element_type=\"widget\" data-e-type=\"widget\" data-widget_type=\"heading.default\">\n\t\t\t\t<div class=\"elementor-widget-container\">\n\t\t\t\t\t<h1 class=\"elementor-heading-title elementor-size-default\">Protection des donn\u00e9es<\/h1>\t\t\t\t<\/div>\n\t\t\t\t<\/div>\n\t\t\t\t<div class=\"elementor-element elementor-element-04562ce elementor-widget elementor-widget-image\" data-id=\"04562ce\" data-element_type=\"widget\" data-e-type=\"widget\" data-widget_type=\"image.default\">\n\t\t\t\t<div class=\"elementor-widget-container\">\n\t\t\t\t\t\t\t\t\t\t\t\t\t\t\t<img decoding=\"async\" width=\"100\" height=\"2\" src=\"https:\/\/seibert-rechtundsteuern.de\/wp-content\/uploads\/2025\/03\/Group-6.svg\" class=\"attachment-full size-full wp-image-719\" alt=\"\" \/>\t\t\t\t\t\t\t\t\t\t\t\t\t\t\t<\/div>\n\t\t\t\t<\/div>\n\t\t<div class=\"elementor-element elementor-element-befa317 e-con-full e-flex e-con e-child\" data-id=\"befa317\" data-element_type=\"container\" data-e-type=\"container\">\n\t\t<div class=\"elementor-element elementor-element-c9e82c9 e-con-full datenschutz e-flex e-con e-child\" data-id=\"c9e82c9\" data-element_type=\"container\" data-e-type=\"container\" data-settings=\"{&quot;background_background&quot;:&quot;classic&quot;}\">\n\t\t<div class=\"elementor-element elementor-element-275f02a e-con-full box_scroll e-flex e-con e-child\" data-id=\"275f02a\" data-element_type=\"container\" data-e-type=\"container\" data-settings=\"{&quot;background_background&quot;:&quot;classic&quot;}\">\n\t\t\t\t<div class=\"elementor-element elementor-element-f0c4023 datenschutz elementor-widget elementor-widget-text-editor\" data-id=\"f0c4023\" data-element_type=\"widget\" data-e-type=\"widget\" data-widget_type=\"text-editor.default\">\n\t\t\t\t<div class=\"elementor-widget-container\">\n\t\t\t\t\t\t\t\t\t<p class=\"p1\"><b>Politique de confidentialit\u00e9<\/b><\/p><p><b>1.Informations g\u00e9n\u00e9rales<\/b><\/p><p class=\"p1\">La pr\u00e9sente d\u00e9claration de confidentialit\u00e9 vous informe de mani\u00e8re d\u00e9taill\u00e9e sur la mani\u00e8re dont vos donn\u00e9es personnelles sont trait\u00e9es lorsque vous visitez notre site web www.seibert-rechtundsteuern.de. Les donn\u00e9es \u00e0 caract\u00e8re personnel sont toutes les donn\u00e9es permettant de vous identifier personnellement. Nous traitons vos donn\u00e9es conform\u00e9ment aux dispositions l\u00e9gales, en particulier au R\u00e8glement g\u00e9n\u00e9ral sur la protection des donn\u00e9es (RGPD), et attachons une grande importance \u00e0 la s\u00e9curit\u00e9 de votre visite sur notre site.<\/p><p><b>2. Nom et coordonn\u00e9es du responsable du traitement<\/b><b><\/b><\/p><p class=\"p1\">Le responsable, au sens de la l\u00e9gislation sur la protection des donn\u00e9es, est :<\/p><p class=\"p1 translation-block\"><b>Seibert \u2013 Recht &amp; Steuern, Rechtsanwalts-PartG mbB<\/b><\/p><p class=\"p1 translation-block\">Roteb\u00fchlplatz 19, 70178 Stuttgart, Allemagne<\/p><p class=\"p3\"><span class=\"s1\"><b>Courrier \u00e9lectronique<\/b>: <a href=\"mailto:info@seibert-rechtundsteuern.de\"><span class=\"s2\">info@seibert-rechtundsteuern.de<\/span><\/a><\/span><\/p>\t\t\t\t\t\t\t\t<\/div>\n\t\t\t\t<\/div>\n\t\t\t\t<div class=\"elementor-element elementor-element-41034a4 datenschutz elementor-widget elementor-widget-text-editor\" data-id=\"41034a4\" data-element_type=\"widget\" data-e-type=\"widget\" data-widget_type=\"text-editor.default\">\n\t\t\t\t<div class=\"elementor-widget-container\">\n\t\t\t\t\t\t\t\t\t<p><strong>Telefon<\/strong>: <span class=\"elementor-icon-list-text\">+49 (0)711 18 42 903 \u2013 0<\/span><br \/><br \/><strong>Fax<\/strong>: <span class=\"elementor-icon-list-text\">+49 (0)711 18 42 903 \u2013 9<\/span><\/p><p><br \/><br \/><\/p>\t\t\t\t\t\t\t\t<\/div>\n\t\t\t\t<\/div>\n\t\t\t\t<div class=\"elementor-element elementor-element-a19458b datenschutz elementor-widget elementor-widget-text-editor\" data-id=\"a19458b\" data-element_type=\"widget\" data-e-type=\"widget\" data-widget_type=\"text-editor.default\">\n\t\t\t\t<div class=\"elementor-widget-container\">\n\t\t\t\t\t\t\t\t\t<p><b>3. Collecte et enregistrement des donn\u00e9es \u00e0 caract\u00e8re personnel ainsi que nature et finalit\u00e9 de leur traitement<\/b><b><\/b><\/p><p class=\"p1\"><b>a) Lors de la visite du site internet<\/b><b><\/b><\/p><p class=\"p1 translation-block\">Lorsque vous acc\u00e9dez \u00e0 notre site web www.seibert-rechtundsteuern.de, le navigateur utilis\u00e9 sur votre terminal transmet automatiquement des informations au serveur de notre site. Ces informations sont temporairement enregistr\u00e9es dans un fichier dit logfile. Les donn\u00e9es suivantes sont collect\u00e9es sans intervention de votre part et conserv\u00e9es jusqu\u2019\u00e0 leur suppression automatis\u00e9e :<\/p><ul class=\"ul1\"><li class=\"li1\">Adresse IP de l\u2019appareil demandeur<\/li><li class=\"li1\">Date et heure de l\u2019acc\u00e8s<\/li><li class=\"li1\">Nom et URL du fichier consult\u00e9<\/li><li class=\"li1\">Site web \u00e0 partir duquel l\u2019acc\u00e8s a eu lieu (Referrer-URL)<\/li><li class=\"li1\">Navigateur utilis\u00e9 et, le cas \u00e9ch\u00e9ant, syst\u00e8me d\u2019exploitation de votre terminal ainsi que le nom de votre fournisseur d\u2019acc\u00e8s<\/li><\/ul><p class=\"p1\">Ces donn\u00e9es sont trait\u00e9es aux fins suivantes :<\/p><ul class=\"ul1\"><li class=\"li1\">Assurer l\u2019\u00e9tablissement fluide de la connexion au site<\/li><li class=\"li1\">Garantir une utilisation confortable du site<\/li><li class=\"li1\">\u00c9valuer la s\u00e9curit\u00e9 et la stabilit\u00e9 du syst\u00e8me<\/li><li class=\"li1\">R\u00e9aliser d'autres t\u00e2ches administratives<\/li><\/ul><p class=\"p1\">La base juridique du traitement des donn\u00e9es est l\u2019art. 6, paragraphe 1, phrase 1, point f du RGPD. Notre int\u00e9r\u00eat l\u00e9gitime d\u00e9coule des finalit\u00e9s \u00e9num\u00e9r\u00e9es ci-dessus, notamment la garantie de la stabilit\u00e9 et de la fonctionnalit\u00e9 de notre site web. En aucun cas les donn\u00e9es collect\u00e9es ne sont utilis\u00e9es pour tirer des conclusions sur votre identit\u00e9.<\/p><p class=\"p1\">Par ailleurs, nous utilisons des cookies lors de la visite de notre site. Vous trouverez de plus amples explications \u00e0 ce sujet au point 5 de la pr\u00e9sente d\u00e9claration de confidentialit\u00e9.<\/p><p class=\"p1\"><b>b) Utilisation de notre formulaire de contact<\/b><b><\/b><\/p><p class=\"p1\">Pour toute demande, vous avez la possibilit\u00e9 de nous contacter via le formulaire disponible sur notre site. L\u2019indication d\u2019un nom, d\u2019un num\u00e9ro de t\u00e9l\u00e9phone et d\u2019une adresse e-mail valide est n\u00e9cessaire pour que nous sachions de qui provient la demande et puissions y r\u00e9pondre. D\u2019autres informations peuvent \u00eatre fournies volontairement.<\/p><p class=\"p1\">Le traitement des donn\u00e9es dans le but de prendre contact avec nous s\u2019effectue conform\u00e9ment \u00e0 l\u2019article 6, paragraphe 1, phrase 1, point a du RGPD, sur la base de votre consentement volontaire. Le retrait du consentement d\u00e9j\u00e0 donn\u00e9 est possible \u00e0 tout moment. Une notification informelle par e-mail suffit \u00e0 cet effet.<\/p><p class=\"p1\">La l\u00e9galit\u00e9 du traitement des donn\u00e9es effectu\u00e9 jusqu\u2019au retrait reste inchang\u00e9e. Les donn\u00e9es transmises via le formulaire de contact restent enregistr\u00e9es chez nous jusqu\u2019\u00e0 ce que vous nous demandiez leur suppression, que vous retiriez votre consentement \u00e0 leur conservation ou que la finalit\u00e9 de la conservation disparaisse. Les obligations l\u00e9gales de conservation, notamment les d\u00e9lais de conservation pr\u00e9vus par la loi, ne sont pas affect\u00e9es.<\/p><p><b>4. Transmission des donn\u00e9es<\/b><b><\/b><\/p><p class=\"p1\">Vos donn\u00e9es personnelles ne sont pas transmises \u00e0 des tiers \u00e0 d\u2019autres fins que celles mentionn\u00e9es ci-dessous. Les donn\u00e9es personnelles que vous nous communiquez, par exemple via le formulaire de contact ou par e-mail (par exemple votre nom et votre adresse e-mail), ne sont ni vendues ni transmises \u00e0 des fins commerciales \u00e0 des tiers.<\/p><p class=\"p1\">Nous ne transmettons vos donn\u00e9es personnelles \u00e0 des tiers que dans les cas suivants :<\/p><ul class=\"ul1\"><li class=\"li1\">si vous avez donn\u00e9 votre consentement expr\u00e8s conform\u00e9ment \u00e0 l\u2019article 6, paragraphe 1, phrase 1, point a du RGPD ;<\/li><li class=\"li1\">si la transmission est n\u00e9cessaire \u00e0 la constatation, l\u2019exercice ou la d\u00e9fense de droits en justice conform\u00e9ment \u00e0 l\u2019article 6, paragraphe 1, phrase 1, point f du RGPD et qu\u2019il n\u2019existe aucune raison de supposer que vous avez un int\u00e9r\u00eat l\u00e9gitime pr\u00e9pond\u00e9rant \u00e0 ce que vos donn\u00e9es ne soient pas transmises ;<\/li><li class=\"li1\">si une obligation l\u00e9gale de transmission existe conform\u00e9ment \u00e0 l\u2019article 6, paragraphe 1, phrase 1, point c du RGPD ;<\/li><li class=\"li1\">ou si cela est l\u00e9galement autoris\u00e9 et n\u00e9cessaire \u00e0 l\u2019ex\u00e9cution d\u2019un contrat avec vous conform\u00e9ment \u00e0 l\u2019article 6, paragraphe 1, phrase 1, point b du RGPD.<\/li><\/ul><p><b>\u00a0<\/b><\/p><p><b>5. Cookies<\/b><b><\/b><\/p><p class=\"p1\">Afin de rendre la visite de notre site plus agr\u00e9able et de permettre l\u2019utilisation de certaines fonctionnalit\u00e9s, nous utilisons des cookies. Il s\u2019agit de petits fichiers que votre navigateur cr\u00e9e automatiquement et qui sont enregistr\u00e9s sur votre terminal (ordinateur portable, tablette, smartphone, etc.) lorsque vous visitez notre site. Les cookies ne causent aucun dommage \u00e0 votre appareil, ne contiennent ni virus, ni chevaux de Troie, ni autres logiciels malveillants. Des informations sont stock\u00e9es dans les cookies, chacune en lien avec le terminal utilis\u00e9. Cela ne signifie pas pour autant que nous ayons une connaissance directe de votre identit\u00e9.<\/p><p class=\"p1\">Les cookies n\u00e9cessaires \u00e0 la r\u00e9alisation du processus de communication \u00e9lectronique ou \u00e0 la fourniture de certaines fonctions que vous avez demand\u00e9es sont enregistr\u00e9s sur la base de l\u2019article 6, paragraphe 1, phrase 1, point f du RGPD. Nous avons un int\u00e9r\u00eat l\u00e9gitime \u00e0 utiliser ces cookies afin d\u2019assurer une prestation techniquement correcte et optimis\u00e9e de nos services.<\/p><p class=\"p1\">L\u2019utilisation de cookies vise notamment \u00e0 rendre votre navigation sur notre site plus agr\u00e9able. Nous utilisons par exemple des cookies dits de session, qui nous permettent de reconna\u00eetre que vous avez d\u00e9j\u00e0 visit\u00e9 certaines pages de notre site. Ces cookies sont automatiquement supprim\u00e9s lorsque vous quittez notre site.<\/p><p class=\"p1\">En outre, nous utilisons \u00e9galement des cookies temporaires pour am\u00e9liorer l\u2019ergonomie. Ces cookies sont enregistr\u00e9s pour une dur\u00e9e d\u00e9termin\u00e9e sur votre appareil. Si vous revenez sur notre site, il est automatiquement d\u00e9tect\u00e9 que vous l\u2019avez d\u00e9j\u00e0 visit\u00e9 et quelles saisies et r\u00e9glages vous avez effectu\u00e9s. Vous pouvez configurer votre navigateur pour qu\u2019il vous informe de la cr\u00e9ation de cookies, pour autoriser les cookies au cas par cas, pour les refuser dans certains cas ou de mani\u00e8re g\u00e9n\u00e9rale, ou encore pour activer leur suppression automatique \u00e0 la fermeture du navigateur. La d\u00e9sactivation des cookies peut toutefois restreindre la fonctionnalit\u00e9 du site.<\/p><p class=\"p1\"><b>Consentement aux cookies avec Borlabs Cookie<\/b><\/p><p class=\"p1\">Ce site utilise la technologie de gestion du consentement aux cookies \u00ab Borlabs Cookie \u00bb afin d\u2019obtenir de mani\u00e8re conforme au RGPD votre consentement \u00e0 l\u2019enregistrement de certains cookies sur votre terminal ou \u00e0 l\u2019utilisation de technologies sp\u00e9cifiques, et de documenter ce consentement. Le fournisseur est Borlabs \u2013 Benjamin A. Bornschein, R\u00fcbenkamp 32, 22305 Hamburg. Le cookie Borlabs enregistre les consentements que vous avez donn\u00e9s lors de votre visite sur le site. Ces informations ne sont pas transmises au fournisseur de Borlabs. La base juridique est l\u2019article 6, paragraphe 1, phrase 1, point c du RGPD. Informations compl\u00e9mentaires : https:\/\/de.borlabs.io\/kb\/welche-daten-speichert-borlabs-cookie\/<\/p><p class=\"p1\"><b>GTranslate<\/b><\/p><p class=\"p1 translation-block\">Pour l\u2019affichage multilingue de notre site, nous utilisons le plugin \u00ab GTranslate \u00bb. Le fournisseur est GTranslate Inc., 5185 MacArthur Blvd NW Ste 102, Washington, DC 20016, USA. GTranslate peut int\u00e9grer des contenus provenant de Google Translate. Cela peut entra\u00eener la transmission de donn\u00e9es personnelles, telles que votre adresse IP, vers des serveurs de Google situ\u00e9s aux \u00c9tats-Unis. La base juridique de cette utilisation est l\u2019article 6, paragraphe 1, phrase 1, point f du RGPD. Notre int\u00e9r\u00eat l\u00e9gitime r\u00e9side dans la pr\u00e9sentation conviviale de notre site pour les visiteurs internationaux. Pour plus d\u2019informations : https:\/\/policies.google.com\/privacy<\/p><p><b>6. Outils d\u2019analyse<\/b><b><\/b><\/p><p class=\"p1\">Aucun outil d\u2019analyse ou de suivi externe (par exemple Google Analytics, Matomo) n\u2019est utilis\u00e9 sur ce site.<\/p><p><b>7. Modules sociaux (Social Media Plug-ins)<\/b><b><\/b><\/p><p class=\"p1\">Aucun module classique de r\u00e9seaux sociaux (par exemple ceux de Facebook, Twitter ou Instagram) n\u2019est utilis\u00e9 sur ce site. Des contenus de prestataires tiers, tels que LinkedIn ou Google Maps, sont int\u00e9gr\u00e9s via Elementor, sans recours \u00e0 des plugins suppl\u00e9mentaires. Selon la mani\u00e8re dont ces contenus sont int\u00e9gr\u00e9s et configur\u00e9s, une transmission de donn\u00e9es personnelles aux prestataires concern\u00e9s peut toutefois avoir lieu.<\/p><p><b>8. Dur\u00e9e de conservation<\/b><b><\/b><\/p><p class=\"p1\">Les donn\u00e9es \u00e0 caract\u00e8re personnel que vous nous avez communiqu\u00e9es via notre site internet ne sont conserv\u00e9es que pendant la dur\u00e9e n\u00e9cessaire \u00e0 la r\u00e9alisation de la finalit\u00e9 pour laquelle elles ont \u00e9t\u00e9 collect\u00e9es. Si des obligations l\u00e9gales de conservation relevant du droit commercial ou fiscal s\u2019appliquent, certaines donn\u00e9es peuvent \u00eatre conserv\u00e9es pendant une dur\u00e9e maximale de dix ans.<\/p><p><b>9. Droits des personnes concern\u00e9es<\/b><b><\/b><\/p><p class=\"p1\">En ce qui concerne les donn\u00e9es \u00e0 caract\u00e8re personnel vous concernant, vous disposez, en tant que personne concern\u00e9e par le traitement, des droits suivants \u00e0 l\u2019\u00e9gard du responsable, conform\u00e9ment aux dispositions l\u00e9gales :<\/p><ul class=\"ul1\"><li class=\"li1\">conform\u00e9ment \u00e0 l\u2019article 15 du RGPD, le droit d\u2019obtenir des informations sur les donn\u00e9es personnelles vous concernant que nous traitons ;<\/li><li class=\"li1\">conform\u00e9ment \u00e0 l\u2019article 16 du RGPD, le droit de demander sans d\u00e9lai la rectification des donn\u00e9es inexactes ou l\u2019ach\u00e8vement des donn\u00e9es personnelles enregistr\u00e9es vous concernant ;<\/li><li class=\"li1\">conform\u00e9ment \u00e0 l\u2019article 17 du RGPD, le droit de demander l\u2019effacement de vos donn\u00e9es personnelles enregistr\u00e9es chez nous ;<\/li><li class=\"li1\">conform\u00e9ment \u00e0 l\u2019article 18 du RGPD, le droit de demander la limitation du traitement de vos donn\u00e9es personnelles ;<\/li><li class=\"li1\">conform\u00e9ment \u00e0 l\u2019article 20 du RGPD, le droit de recevoir vos donn\u00e9es personnelles dans un format structur\u00e9, couramment utilis\u00e9 et lisible par machine, ou de demander leur transmission \u00e0 un autre responsable ;<\/li><li class=\"li1\">conform\u00e9ment \u00e0 l\u2019article 7, paragraphe 3 du RGPD, le droit de retirer \u00e0 tout moment votre consentement ;<\/li><li class=\"li1\">conform\u00e9ment \u00e0 l\u2019article 77 du RGPD, le droit d\u2019introduire une r\u00e9clamation aupr\u00e8s d\u2019une autorit\u00e9 de contr\u00f4le en cas de violation du RGPD.<\/li><\/ul><p class=\"p4\">L\u2019autorit\u00e9 de contr\u00f4le comp\u00e9tente pour nous est la suivante :<\/br>\nDer Landesbeauftragte f\u00fcr den Datenschutz und die Informationsfreiheit Baden-W\u00fcrttemberg<\/p><p class=\"p4\">Postfach 10 29 32, 70025 Stuttgart<\/p><p class=\"p4\">ou<\/p><p class=\"p4\">Lautenschlagerstra\u00dfe 20, 70173 Stuttgart<\/p><p class=\"p4\">T\u00e9l\u00e9phone : 07 11\/61 55 41-0<\/p><p class=\"p4\">E-mail : poststelle@lfdi.bwl.de<\/p><p class=\"p5\"><span class=\"s1\">Site internet : <a href=\"https:\/\/www.baden-wuerttemberg.datenschutz.de\" target=\"_blank\" rel=\"noopener\"><span class=\"s2\">https:\/\/www.baden-wuerttemberg.datenschutz.de<\/span><\/a><\/span><\/p><p><b>10. Droit d\u2019opposition<\/b><b><\/b><\/p><p class=\"p1\">Si le traitement de vos donn\u00e9es personnelles repose sur l\u2019article 6, paragraphe 1, phrase 1, point f du RGPD, vous avez le droit, conform\u00e9ment \u00e0 l\u2019article 21 du RGPD, de vous opposer \u00e0 tout moment \u00e0 ce traitement pour des raisons tenant \u00e0 votre situation particuli\u00e8re. Si l\u2019opposition concerne la prospection directe, vous disposez d\u2019un droit d\u2019opposition g\u00e9n\u00e9ral, sans qu\u2019il soit n\u00e9cessaire d\u2019indiquer une situation particuli\u00e8re. Pour exercer votre droit de retrait ou d\u2019opposition, il suffit de nous envoyer un e-mail \u00e0 l\u2019adresse suivante : <a href=\"mailto:info@seibert-rechtundsteuern.de\"><span class=\"s2\">info@seibert-rechtundsteuern.de<\/span><\/a>.<\/p><p><b>11. S\u00e9curit\u00e9 des donn\u00e9es<\/b><b><\/b><\/p><p class=\"p1\">Nous utilisons, lors de la visite de notre site, la proc\u00e9dure courante SSL (Secure Socket Layer). Vous pouvez reconna\u00eetre qu\u2019une page est transmise de mani\u00e8re chiffr\u00e9e au passage de l\u2019adresse dans la barre du navigateur de \u00ab http:\/\/ \u00bb \u00e0 \u00ab https:\/\/ \u00bb ainsi qu\u2019\u00e0 l\u2019apparition d\u2019un symbole de cadenas dans votre navigateur.\n\nPar ailleurs, nous mettons en \u0153uvre des mesures techniques et organisationnelles appropri\u00e9es afin de prot\u00e9ger vos donn\u00e9es contre toute manipulation accidentelle ou intentionnelle, perte, destruction ou acc\u00e8s non autoris\u00e9 par des tiers. Nos mesures de s\u00e9curit\u00e9 sont continuellement am\u00e9lior\u00e9es en fonction des \u00e9volutions technologiques.<\/p><p><b>12. Actualisation de la pr\u00e9sente d\u00e9claration de confidentialit\u00e9<\/b><b><\/b><\/p><p class=\"p1\"><p \/><\/p><p class=\"p1 translation-block\">La pr\u00e9sente d\u00e9claration de confidentialit\u00e9 est actuellement en vigueur et dat\u00e9e de juin 2025. En raison de l\u2019\u00e9volution de notre site ou de modifications l\u00e9gales, une mise \u00e0 jour de cette d\u00e9claration peut s\u2019av\u00e9rer n\u00e9cessaire. La version la plus r\u00e9cente est accessible \u00e0 tout moment \u00e0 l\u2019adresse suivante : www.seibert-rechtundsteuern.de\/impressum<\/p>\t\t\t\t\t\t\t\t<\/div>\n\t\t\t\t<\/div>\n\t\t\t\t<\/div>\n\t\t\t\t<\/div>\n\t\t<div class=\"elementor-element elementor-element-2cbf8ff e-con-full e-flex e-con e-child\" data-id=\"2cbf8ff\" data-element_type=\"container\" data-e-type=\"container\">\n\t\t<div class=\"elementor-element elementor-element-b7fbd2d e-con-full e-flex e-con e-child\" data-id=\"b7fbd2d\" data-element_type=\"container\" data-e-type=\"container\" data-settings=\"{&quot;background_background&quot;:&quot;classic&quot;}\">\n\t\t\t\t<\/div>\n\t\t<div class=\"elementor-element elementor-element-eeead4e e-con-full e-flex e-con e-child\" data-id=\"eeead4e\" data-element_type=\"container\" data-e-type=\"container\" data-settings=\"{&quot;background_background&quot;:&quot;classic&quot;}\">\n\t\t\t\t<\/div>\n\t\t<div class=\"elementor-element elementor-element-091726a e-con-full e-flex e-con e-child\" data-id=\"091726a\" data-element_type=\"container\" data-e-type=\"container\" data-settings=\"{&quot;background_background&quot;:&quot;classic&quot;}\">\n\t\t\t\t<\/div>\n\t\t<div class=\"elementor-element elementor-element-99c900f e-con-full e-flex e-con e-child\" data-id=\"99c900f\" data-element_type=\"container\" data-e-type=\"container\" data-settings=\"{&quot;background_background&quot;:&quot;classic&quot;}\">\n\t\t\t\t<\/div>\n\t\t\t\t<\/div>\n\t\t\t\t<\/div>\n\t\t\t\t\t<\/div>\n\t\t\t\t<\/section>\n\t\t\t\t<\/div>","protected":false},"excerpt":{"rendered":"<p>Datenschutz Datenschutzerkl\u00e4rung 1. Allgemeine Hinweise Diese Datenschutzerkl\u00e4rung enth\u00e4lt ausf\u00fchrliche Informationen dar\u00fcber, was mit Ihren pers\u00f6nlichen Daten passiert, wenn Sie unsere Website www.seibert-rechtundsteuern.de besuchen. Personenbezogene Daten sind alle Daten, mit denen Sie sich pers\u00f6nlich identifizieren k\u00f6nnen. Wir halten uns bei der Verarbeitung Ihrer Daten streng an die gesetzlichen Bestimmungen, insbesondere die Datenschutzgrundverordnung (\u201eDSGVO\u201c), und legen gro\u00dfen [&hellip;]<\/p>\n","protected":false},"author":1,"featured_media":0,"parent":0,"menu_order":0,"comment_status":"closed","ping_status":"closed","template":"","meta":{"footnotes":""},"class_list":["post-744","page","type-page","status-publish","hentry"],"_links":{"self":[{"href":"https:\/\/seibert-rechtundsteuern.de\/fr\/wp-json\/wp\/v2\/pages\/744","targetHints":{"allow":["GET"]}}],"collection":[{"href":"https:\/\/seibert-rechtundsteuern.de\/fr\/wp-json\/wp\/v2\/pages"}],"about":[{"href":"https:\/\/seibert-rechtundsteuern.de\/fr\/wp-json\/wp\/v2\/types\/page"}],"author":[{"embeddable":true,"href":"https:\/\/seibert-rechtundsteuern.de\/fr\/wp-json\/wp\/v2\/users\/1"}],"replies":[{"embeddable":true,"href":"https:\/\/seibert-rechtundsteuern.de\/fr\/wp-json\/wp\/v2\/comments?post=744"}],"version-history":[{"count":13,"href":"https:\/\/seibert-rechtundsteuern.de\/fr\/wp-json\/wp\/v2\/pages\/744\/revisions"}],"predecessor-version":[{"id":2865,"href":"https:\/\/seibert-rechtundsteuern.de\/fr\/wp-json\/wp\/v2\/pages\/744\/revisions\/2865"}],"wp:attachment":[{"href":"https:\/\/seibert-rechtundsteuern.de\/fr\/wp-json\/wp\/v2\/media?parent=744"}],"curies":[{"name":"wp","href":"https:\/\/api.w.org\/{rel}","templated":true}]}}